{"id":809,"date":"2024-09-15T18:41:01","date_gmt":"2024-09-15T18:41:01","guid":{"rendered":"https:\/\/contierraycolor.com\/?page_id=809"},"modified":"2024-09-15T19:15:32","modified_gmt":"2024-09-15T19:15:32","slug":"carrusel","status":"publish","type":"page","link":"https:\/\/contierraycolor.com\/es\/carrusel\/","title":{"rendered":"Carrusel"},"content":{"rendered":"<div data-elementor-type=\"wp-page\" data-elementor-id=\"809\" class=\"elementor elementor-809\" data-elementor-post-type=\"page\">\n\t\t\t\t<div class=\"elementor-element elementor-element-b5d729a e-flex e-con-boxed e-con e-parent\" data-id=\"b5d729a\" data-element_type=\"container\">\n\t\t\t\t\t<div class=\"e-con-inner\">\n\t\t<div class=\"elementor-element elementor-element-40df487 e-con-full e-flex e-con e-child\" data-id=\"40df487\" data-element_type=\"container\">\n\t\t\t\t<div class=\"elementor-element elementor-element-b3d7556 elementor-widget elementor-widget-image\" data-id=\"b3d7556\" data-element_type=\"widget\" data-widget_type=\"image.default\">\n\t\t\t\t<div class=\"elementor-widget-container\">\n\t\t\t\t\t\t\t\t\t\t\t\t\t<img fetchpriority=\"high\" decoding=\"async\" width=\"800\" height=\"600\" src=\"https:\/\/contierraycolor.com\/wp-content\/uploads\/2024\/09\/ceramica.jpg\" class=\"attachment-large size-large wp-image-636\" alt=\"\" srcset=\"https:\/\/contierraycolor.com\/wp-content\/uploads\/2024\/09\/ceramica.jpg 800w, https:\/\/contierraycolor.com\/wp-content\/uploads\/2024\/09\/ceramica-300x225.jpg 300w, https:\/\/contierraycolor.com\/wp-content\/uploads\/2024\/09\/ceramica-768x576.jpg 768w\" sizes=\"(max-width: 800px) 100vw, 800px\" \/>\t\t\t\t\t\t\t\t\t\t\t\t\t<\/div>\n\t\t\t\t<\/div>\n\t\t\t\t<div class=\"elementor-element elementor-element-8a2ff3a elementor-widget elementor-widget-heading\" data-id=\"8a2ff3a\" data-element_type=\"widget\" data-widget_type=\"heading.default\">\n\t\t\t\t<div class=\"elementor-widget-container\">\n\t\t\t<h2 class=\"elementor-heading-title elementor-size-default\">Cer\u00e1mica y arcilla<\/h2>\t\t<\/div>\n\t\t\t\t<\/div>\n\t\t\t\t<div class=\"elementor-element elementor-element-796837f elementor-widget elementor-widget-text-editor\" data-id=\"796837f\" data-element_type=\"widget\" data-widget_type=\"text-editor.default\">\n\t\t\t\t<div class=\"elementor-widget-container\">\n\t\t\t\t\t\t\t<p>Nuestra l\u00ednea de cer\u00e1mica y arcilla est\u00e1 dise\u00f1ada para el uso diario en entornos comerciales, incluidos platos, tazas y jarras. Cada pieza aporta autenticidad y durabilidad, mejorando la experiencia de sus clientes.<\/p>\t\t\t\t\t\t<\/div>\n\t\t\t\t<\/div>\n\t\t\t\t<div class=\"elementor-element elementor-element-9e8ee76 elementor-widget elementor-widget-button\" data-id=\"9e8ee76\" data-element_type=\"widget\" data-widget_type=\"button.default\">\n\t\t\t\t<div class=\"elementor-widget-container\">\n\t\t\t\t\t<div class=\"elementor-button-wrapper\">\n\t\t\t<a class=\"elementor-button elementor-button-link elementor-size-sm\" href=\"#\">\n\t\t\t\t\t\t<span class=\"elementor-button-content-wrapper\">\n\t\t\t\t\t\t\t\t\t<span class=\"elementor-button-text\">Haz clic aqu\u00ed<\/span>\n\t\t\t\t\t<\/span>\n\t\t\t\t\t<\/a>\n\t\t<\/div>\n\t\t\t\t<\/div>\n\t\t\t\t<\/div>\n\t\t\t\t<\/div>\n\t\t\t\t\t<\/div>\n\t\t\t\t<\/div>\n\t\t\t\t<\/div>","protected":false},"excerpt":{"rendered":"<p>Ceramics and Clay Our ceramics and clay line is designed for daily use in commercial settings, including plates, cups, and pitchers. Each piece brings authenticity and durability, enhancing your customers\u2019 experience. Haz clic aqu\u00ed<\/p>","protected":false},"author":1,"featured_media":0,"parent":0,"menu_order":0,"comment_status":"closed","ping_status":"closed","template":"elementor_canvas","meta":{"_uag_custom_page_level_css":"","footnotes":""},"class_list":["post-809","page","type-page","status-publish","hentry"],"uagb_featured_image_src":{"full":false,"thumbnail":false,"medium":false,"medium_large":false,"large":false,"1536x1536":false,"2048x2048":false,"trp-custom-language-flag":false},"uagb_author_info":{"display_name":"julioasor@hotmail.com","author_link":"https:\/\/contierraycolor.com\/es\/author\/julioasorhotmail-com\/"},"uagb_comment_info":0,"uagb_excerpt":"Ceramics and Clay Our ceramics and clay line is designed for daily use in commercial settings, including plates, cups, and pitchers. Each piece brings authenticity and durability, enhancing your customers\u2019 experience. Haz clic aqu\u00ed","_links":{"self":[{"href":"https:\/\/contierraycolor.com\/es\/wp-json\/wp\/v2\/pages\/809"}],"collection":[{"href":"https:\/\/contierraycolor.com\/es\/wp-json\/wp\/v2\/pages"}],"about":[{"href":"https:\/\/contierraycolor.com\/es\/wp-json\/wp\/v2\/types\/page"}],"author":[{"embeddable":true,"href":"https:\/\/contierraycolor.com\/es\/wp-json\/wp\/v2\/users\/1"}],"replies":[{"embeddable":true,"href":"https:\/\/contierraycolor.com\/es\/wp-json\/wp\/v2\/comments?post=809"}],"version-history":[{"count":16,"href":"https:\/\/contierraycolor.com\/es\/wp-json\/wp\/v2\/pages\/809\/revisions"}],"predecessor-version":[{"id":829,"href":"https:\/\/contierraycolor.com\/es\/wp-json\/wp\/v2\/pages\/809\/revisions\/829"}],"wp:attachment":[{"href":"https:\/\/contierraycolor.com\/es\/wp-json\/wp\/v2\/media?parent=809"}],"curies":[{"name":"wp","href":"https:\/\/api.w.org\/{rel}","templated":true}]}}