{"id":13,"date":"2024-09-15T00:03:38","date_gmt":"2024-09-15T00:03:38","guid":{"rendered":"https:\/\/contierraycolor.com\/?page_id=13"},"modified":"2024-09-17T03:02:50","modified_gmt":"2024-09-17T03:02:50","slug":"services","status":"publish","type":"page","link":"https:\/\/contierraycolor.com\/es\/services\/","title":{"rendered":"Servicios"},"content":{"rendered":"<div data-elementor-type=\"wp-page\" data-elementor-id=\"13\" class=\"elementor elementor-13\" data-elementor-post-type=\"page\">\n\t\t\t\t<div class=\"elementor-element elementor-element-7d33e20 e-flex e-con-boxed e-con e-parent\" data-id=\"7d33e20\" data-element_type=\"container\" data-settings=\"{&quot;background_background&quot;:&quot;slideshow&quot;,&quot;background_slideshow_gallery&quot;:[{&quot;id&quot;:781,&quot;url&quot;:&quot;https:\\\/\\\/contierraycolor.com\\\/wp-content\\\/uploads\\\/2024\\\/09\\\/DALL\\u00b7E-2024-09-15-10.46.09-A-modern-and-sleek-arrangement-showcasing-handcrafted-wooden-ceramic-and-glass-items.-The-scene-features-minimalist-ceramic-bowls-and-vases-with-cle.webp&quot;}],&quot;background_slideshow_loop&quot;:&quot;yes&quot;,&quot;background_slideshow_slide_duration&quot;:5000,&quot;background_slideshow_slide_transition&quot;:&quot;fade&quot;,&quot;background_slideshow_transition_duration&quot;:500}\">\n\t\t\t\t\t<div class=\"e-con-inner\">\n\t\t\t\t\t<\/div>\n\t\t\t\t<\/div>\n\t\t<div class=\"elementor-element elementor-element-6a46e2b e-flex e-con-boxed e-con e-parent\" data-id=\"6a46e2b\" data-element_type=\"container\">\n\t\t\t\t\t<div class=\"e-con-inner\">\n\t\t<div class=\"elementor-element elementor-element-073b7bd e-con-full e-flex e-con e-child\" data-id=\"073b7bd\" data-element_type=\"container\">\n\t\t\t\t<div class=\"elementor-element elementor-element-3a0567f elementor-widget elementor-widget-heading\" data-id=\"3a0567f\" data-element_type=\"widget\" data-widget_type=\"heading.default\">\n\t\t\t\t<div class=\"elementor-widget-container\">\n\t\t\t<h2 class=\"elementor-heading-title elementor-size-default\"><span style=\"color: var( --e-global-color-primary ); font-family: var( --e-global-typography-secondary-font-family ), Sans-serif; font-size: 2rem; font-weight: var( --e-global-typography-secondary-font-weight ); text-align: center;\">Nuestros servicios<\/span><\/h2>\t\t<\/div>\n\t\t\t\t<\/div>\n\t\t\t\t<div class=\"elementor-element elementor-element-79428b2 elementor-widget elementor-widget-text-editor\" data-id=\"79428b2\" data-element_type=\"widget\" data-widget_type=\"text-editor.default\">\n\t\t\t\t<div class=\"elementor-widget-container\">\n\t\t\t\t\t\t\t<p>Ofrecemos productos artesanales mexicanos de alta calidad dise\u00f1ados espec\u00edficamente para negocios como restaurantes, bares y locales de autoservicio que buscan art\u00edculos \u00fanicos, funcionales y hechos a mano. Cada pieza est\u00e1 elaborada por artesanos mexicanos con materiales naturales y ofrecemos la opci\u00f3n de personalizar nuestros productos con el logotipo de su negocio. Todos nuestros art\u00edculos est\u00e1n disponibles para compras al por mayor, perfectos para quienes buscan autenticidad y calidad en sus establecimientos.<\/p>\t\t\t\t\t\t<\/div>\n\t\t\t\t<\/div>\n\t\t\t\t<\/div>\n\t\t\t\t\t<\/div>\n\t\t\t\t<\/div>\n\t\t<div class=\"elementor-element elementor-element-6fe9e21 e-grid e-con-boxed e-con e-parent\" data-id=\"6fe9e21\" data-element_type=\"container\">\n\t\t\t\t\t<div class=\"e-con-inner\">\n\t\t<div class=\"elementor-element elementor-element-a3e464e e-con-full e-flex e-con e-child\" data-id=\"a3e464e\" data-element_type=\"container\">\n\t\t\t\t<div class=\"elementor-element elementor-element-2b5d35b elementor-widget elementor-widget-image\" data-id=\"2b5d35b\" data-element_type=\"widget\" data-widget_type=\"image.default\">\n\t\t\t\t<div class=\"elementor-widget-container\">\n\t\t\t\t\t\t\t\t\t\t\t\t\t<img fetchpriority=\"high\" decoding=\"async\" width=\"800\" height=\"600\" src=\"https:\/\/contierraycolor.com\/wp-content\/uploads\/2024\/09\/ceramica.jpg\" class=\"attachment-large size-large wp-image-636\" alt=\"\" srcset=\"https:\/\/contierraycolor.com\/wp-content\/uploads\/2024\/09\/ceramica.jpg 800w, https:\/\/contierraycolor.com\/wp-content\/uploads\/2024\/09\/ceramica-300x225.jpg 300w, https:\/\/contierraycolor.com\/wp-content\/uploads\/2024\/09\/ceramica-768x576.jpg 768w\" sizes=\"(max-width: 800px) 100vw, 800px\" \/>\t\t\t\t\t\t\t\t\t\t\t\t\t<\/div>\n\t\t\t\t<\/div>\n\t\t\t\t<div class=\"elementor-element elementor-element-1f69de5 elementor-widget elementor-widget-heading\" data-id=\"1f69de5\" data-element_type=\"widget\" data-widget_type=\"heading.default\">\n\t\t\t\t<div class=\"elementor-widget-container\">\n\t\t\t<h2 class=\"elementor-heading-title elementor-size-default\">Cer\u00e1mica y arcilla<\/h2>\t\t<\/div>\n\t\t\t\t<\/div>\n\t\t\t\t<div class=\"elementor-element elementor-element-e9eb76a elementor-widget elementor-widget-text-editor\" data-id=\"e9eb76a\" data-element_type=\"widget\" data-widget_type=\"text-editor.default\">\n\t\t\t\t<div class=\"elementor-widget-container\">\n\t\t\t\t\t\t\t<p>Nuestra l\u00ednea de cer\u00e1mica y arcilla est\u00e1 dise\u00f1ada para el uso diario en entornos comerciales, incluidos platos, tazas y jarras. Cada pieza aporta autenticidad y durabilidad, mejorando la experiencia de sus clientes.<\/p>\t\t\t\t\t\t<\/div>\n\t\t\t\t<\/div>\n\t\t\t\t<div class=\"elementor-element elementor-element-5e26c96 elementor-widget elementor-widget-button\" data-id=\"5e26c96\" data-element_type=\"widget\" data-widget_type=\"button.default\">\n\t\t\t\t<div class=\"elementor-widget-container\">\n\t\t\t\t\t<div class=\"elementor-button-wrapper\">\n\t\t\t<a class=\"elementor-button elementor-button-link elementor-size-sm\" href=\"#\">\n\t\t\t\t\t\t<span class=\"elementor-button-content-wrapper\">\n\t\t\t\t\t\t\t\t\t<span class=\"elementor-button-text\">Mas Informaci\u00f3n<\/span>\n\t\t\t\t\t<\/span>\n\t\t\t\t\t<\/a>\n\t\t<\/div>\n\t\t\t\t<\/div>\n\t\t\t\t<\/div>\n\t\t\t\t<\/div>\n\t\t<div class=\"elementor-element elementor-element-9a892b1 e-con-full e-flex e-con e-child\" data-id=\"9a892b1\" data-element_type=\"container\">\n\t\t\t\t<div class=\"elementor-element elementor-element-e7a1f52 elementor-widget__width-initial elementor-widget elementor-widget-image\" data-id=\"e7a1f52\" data-element_type=\"widget\" data-widget_type=\"image.default\">\n\t\t\t\t<div class=\"elementor-widget-container\">\n\t\t\t\t\t\t\t\t\t\t\t\t\t<img decoding=\"async\" width=\"800\" height=\"450\" src=\"https:\/\/contierraycolor.com\/wp-content\/uploads\/2024\/09\/colibri-e1726428029160.png\" class=\"attachment-full size-full wp-image-830\" alt=\"\" \/>\t\t\t\t\t\t\t\t\t\t\t\t\t<\/div>\n\t\t\t\t<\/div>\n\t\t\t\t<div class=\"elementor-element elementor-element-f52e520 elementor-widget elementor-widget-heading\" data-id=\"f52e520\" data-element_type=\"widget\" data-widget_type=\"heading.default\">\n\t\t\t\t<div class=\"elementor-widget-container\">\n\t\t\t<h2 class=\"elementor-heading-title elementor-size-default\">Vidrio<\/h2>\t\t<\/div>\n\t\t\t\t<\/div>\n\t\t\t\t<div class=\"elementor-element elementor-element-6d9db70 elementor-widget elementor-widget-text-editor\" data-id=\"6d9db70\" data-element_type=\"widget\" data-widget_type=\"text-editor.default\">\n\t\t\t\t<div class=\"elementor-widget-container\">\n\t\t\t\t\t\t\t<p>Nuestra cristaler\u00eda hecha a mano combina belleza y funcionalidad, ofreciendo una variedad de productos, desde vasos hasta recipientes para servir. Cada art\u00edculo es un testimonio de la artesan\u00eda mexicana, perfecto para destacar en cualquier lugar.<\/p>\t\t\t\t\t\t<\/div>\n\t\t\t\t<\/div>\n\t\t\t\t<div class=\"elementor-element elementor-element-b169010 elementor-widget elementor-widget-button\" data-id=\"b169010\" data-element_type=\"widget\" data-widget_type=\"button.default\">\n\t\t\t\t<div class=\"elementor-widget-container\">\n\t\t\t\t\t<div class=\"elementor-button-wrapper\">\n\t\t\t<a class=\"elementor-button elementor-button-link elementor-size-sm\" href=\"#\">\n\t\t\t\t\t\t<span class=\"elementor-button-content-wrapper\">\n\t\t\t\t\t\t\t\t\t<span class=\"elementor-button-text\">Mas Informaci\u00f3n<\/span>\n\t\t\t\t\t<\/span>\n\t\t\t\t\t<\/a>\n\t\t<\/div>\n\t\t\t\t<\/div>\n\t\t\t\t<\/div>\n\t\t\t\t<\/div>\n\t\t<div class=\"elementor-element elementor-element-9857017 e-con-full e-flex e-con e-child\" data-id=\"9857017\" data-element_type=\"container\">\n\t\t\t\t<div class=\"elementor-element elementor-element-53d5b94 elementor-widget elementor-widget-image\" data-id=\"53d5b94\" data-element_type=\"widget\" data-widget_type=\"image.default\">\n\t\t\t\t<div class=\"elementor-widget-container\">\n\t\t\t\t\t\t\t\t\t\t\t\t\t<img decoding=\"async\" width=\"800\" height=\"450\" src=\"https:\/\/contierraycolor.com\/wp-content\/uploads\/2024\/09\/tabla-1024x576.jpg\" class=\"attachment-large size-large wp-image-831\" alt=\"\" srcset=\"https:\/\/contierraycolor.com\/wp-content\/uploads\/2024\/09\/tabla-1024x576.jpg 1024w, https:\/\/contierraycolor.com\/wp-content\/uploads\/2024\/09\/tabla-300x169.jpg 300w, https:\/\/contierraycolor.com\/wp-content\/uploads\/2024\/09\/tabla-768x432.jpg 768w, https:\/\/contierraycolor.com\/wp-content\/uploads\/2024\/09\/tabla.jpg 1280w\" sizes=\"(max-width: 800px) 100vw, 800px\" \/>\t\t\t\t\t\t\t\t\t\t\t\t\t<\/div>\n\t\t\t\t<\/div>\n\t\t\t\t<div class=\"elementor-element elementor-element-d9a1032 elementor-widget elementor-widget-heading\" data-id=\"d9a1032\" data-element_type=\"widget\" data-widget_type=\"heading.default\">\n\t\t\t\t<div class=\"elementor-widget-container\">\n\t\t\t<h2 class=\"elementor-heading-title elementor-size-default\">Madera<\/h2>\t\t<\/div>\n\t\t\t\t<\/div>\n\t\t\t\t<div class=\"elementor-element elementor-element-8e5e99c elementor-widget elementor-widget-text-editor\" data-id=\"8e5e99c\" data-element_type=\"widget\" data-widget_type=\"text-editor.default\">\n\t\t\t\t<div class=\"elementor-widget-container\">\n\t\t\t\t\t\t\t<p>Nuestros productos de madera, desde tablas de cortar hasta complementos decorativos, aportan un estilo r\u00fastico y natural a cualquier espacio. Son perfectos para locales de autoservicio y restaurantes que buscan crear un ambiente c\u00e1lido y aut\u00e9ntico.<\/p>\t\t\t\t\t\t<\/div>\n\t\t\t\t<\/div>\n\t\t\t\t<div class=\"elementor-element elementor-element-c241dd7 elementor-widget elementor-widget-button\" data-id=\"c241dd7\" data-element_type=\"widget\" data-widget_type=\"button.default\">\n\t\t\t\t<div class=\"elementor-widget-container\">\n\t\t\t\t\t<div class=\"elementor-button-wrapper\">\n\t\t\t<a class=\"elementor-button elementor-button-link elementor-size-sm\" href=\"#\">\n\t\t\t\t\t\t<span class=\"elementor-button-content-wrapper\">\n\t\t\t\t\t\t\t\t\t<span class=\"elementor-button-text\">Mas Informaci\u00f3n<\/span>\n\t\t\t\t\t<\/span>\n\t\t\t\t\t<\/a>\n\t\t<\/div>\n\t\t\t\t<\/div>\n\t\t\t\t<\/div>\n\t\t\t\t<\/div>\n\t\t\t\t\t<\/div>\n\t\t\t\t<\/div>\n\t\t\t\t<\/div>","protected":false},"excerpt":{"rendered":"<p>Our Services We offer high-quality Mexican handcrafted products designed specifically for businesses such as restaurants, bars, and self-service venues seeking unique, functional, and handmade items. Each piece is crafted by Mexican artisans using natural materials, and we offer the option to personalize our products with your business logo. All of our items are available for [&hellip;]<\/p>","protected":false},"author":1,"featured_media":0,"parent":0,"menu_order":0,"comment_status":"closed","ping_status":"closed","template":"elementor_header_footer","meta":{"_uag_custom_page_level_css":"","footnotes":""},"class_list":["post-13","page","type-page","status-publish","hentry"],"uagb_featured_image_src":{"full":false,"thumbnail":false,"medium":false,"medium_large":false,"large":false,"1536x1536":false,"2048x2048":false,"trp-custom-language-flag":false},"uagb_author_info":{"display_name":"julioasor@hotmail.com","author_link":"https:\/\/contierraycolor.com\/es\/author\/julioasorhotmail-com\/"},"uagb_comment_info":0,"uagb_excerpt":"Our Services We offer high-quality Mexican handcrafted products designed specifically for businesses such as restaurants, bars, and self-service venues seeking unique, functional, and handmade items. Each piece is crafted by Mexican artisans using natural materials, and we offer the option to personalize our products with your business logo. All of our items are available for&hellip;","_links":{"self":[{"href":"https:\/\/contierraycolor.com\/es\/wp-json\/wp\/v2\/pages\/13"}],"collection":[{"href":"https:\/\/contierraycolor.com\/es\/wp-json\/wp\/v2\/pages"}],"about":[{"href":"https:\/\/contierraycolor.com\/es\/wp-json\/wp\/v2\/types\/page"}],"author":[{"embeddable":true,"href":"https:\/\/contierraycolor.com\/es\/wp-json\/wp\/v2\/users\/1"}],"replies":[{"embeddable":true,"href":"https:\/\/contierraycolor.com\/es\/wp-json\/wp\/v2\/comments?post=13"}],"version-history":[{"count":46,"href":"https:\/\/contierraycolor.com\/es\/wp-json\/wp\/v2\/pages\/13\/revisions"}],"predecessor-version":[{"id":888,"href":"https:\/\/contierraycolor.com\/es\/wp-json\/wp\/v2\/pages\/13\/revisions\/888"}],"wp:attachment":[{"href":"https:\/\/contierraycolor.com\/es\/wp-json\/wp\/v2\/media?parent=13"}],"curies":[{"name":"wp","href":"https:\/\/api.w.org\/{rel}","templated":true}]}}