{"id":11,"date":"2024-09-15T00:03:26","date_gmt":"2024-09-15T00:03:26","guid":{"rendered":"https:\/\/contierraycolor.com\/?page_id=11"},"modified":"2024-09-17T01:07:46","modified_gmt":"2024-09-17T01:07:46","slug":"about","status":"publish","type":"page","link":"https:\/\/contierraycolor.com\/es\/about\/","title":{"rendered":"Quienes Somos"},"content":{"rendered":"<div data-elementor-type=\"wp-page\" data-elementor-id=\"11\" class=\"elementor elementor-11\" data-elementor-post-type=\"page\">\n\t\t\t\t<div class=\"elementor-element elementor-element-03e84d1 e-flex e-con-boxed e-con e-parent\" data-id=\"03e84d1\" data-element_type=\"container\">\n\t\t\t\t\t<div class=\"e-con-inner\">\n\t\t\t\t<div class=\"elementor-element elementor-element-0b110ac elementor-widget elementor-widget-heading\" data-id=\"0b110ac\" data-element_type=\"widget\" data-widget_type=\"heading.default\">\n\t\t\t\t<div class=\"elementor-widget-container\">\n\t\t\t<h2 class=\"elementor-heading-title elementor-size-default\">About Tierra y Color<\/h2>\t\t<\/div>\n\t\t\t\t<\/div>\n\t\t\t\t\t<\/div>\n\t\t\t\t<\/div>\n\t\t<div class=\"elementor-element elementor-element-7a8c3f6 e-flex e-con-boxed e-con e-parent\" data-id=\"7a8c3f6\" data-element_type=\"container\">\n\t\t\t\t\t<div class=\"e-con-inner\">\n\t\t<div class=\"elementor-element elementor-element-71f577c e-con-full e-flex e-con e-child\" data-id=\"71f577c\" data-element_type=\"container\">\n\t\t\t\t<div class=\"elementor-element elementor-element-67540c5 elementor-widget elementor-widget-text-editor\" data-id=\"67540c5\" data-element_type=\"widget\" data-widget_type=\"text-editor.default\">\n\t\t\t\t<div class=\"elementor-widget-container\">\n\t\t\t\t\t\t\t<p>Nos dedicamos a promover la belleza y la artesan\u00eda de los productos artesanales mexicanos. Cada art\u00edculo que ofrecemos es creado por artesanos expertos que infunden su experiencia y pasi\u00f3n en cada pieza. Al utilizar materiales sustentables y t\u00e9cnicas tradicionales, nos aseguramos de que nuestros productos no solo cumplan con altos est\u00e1ndares de calidad, sino que tambi\u00e9n respeten el medio ambiente.<\/p>\t\t\t\t\t\t<\/div>\n\t\t\t\t<\/div>\n\t\t\t\t<\/div>\n\t\t<div class=\"elementor-element elementor-element-94b5113 e-con-full e-flex e-con e-child\" data-id=\"94b5113\" data-element_type=\"container\">\n\t\t<div class=\"elementor-element elementor-element-698d451 e-con-full e-flex e-con e-child\" data-id=\"698d451\" data-element_type=\"container\">\n\t\t\t\t<div class=\"elementor-element elementor-element-0922b5d elementor-widget elementor-widget-text-editor\" data-id=\"0922b5d\" data-element_type=\"widget\" data-widget_type=\"text-editor.default\">\n\t\t\t\t<div class=\"elementor-widget-container\">\n\t\t\t\t\t\t\t<p>Lo que hace que nuestros productos sean verdaderamente \u00fanicos es la individualidad de cada art\u00edculo. Cada pieza, ya sea de madera, arcilla o vidrio, tiene caracter\u00edsticas distintivas que la convierten en una obra de arte \u00fanica. El proceso artesanal garantiza que no haya dos productos exactamente iguales, lo que aporta autenticidad y car\u00e1cter a todo lo que creamos.<\/p>\t\t\t\t\t\t<\/div>\n\t\t\t\t<\/div>\n\t\t\t\t<\/div>\n\t\t<div class=\"elementor-element elementor-element-5d78674 e-con-full e-flex e-con e-child\" data-id=\"5d78674\" data-element_type=\"container\">\n\t\t\t\t<div class=\"elementor-element elementor-element-e6c643e elementor-widget elementor-widget-text-editor\" data-id=\"e6c643e\" data-element_type=\"widget\" data-widget_type=\"text-editor.default\">\n\t\t\t\t<div class=\"elementor-widget-container\">\n\t\t\t\t\t\t\t<p><span style=\"color: var( --e-global-color-secondary ); font-family: var( --e-global-typography-secondary-font-family ), Sans-serif; font-weight: var( --e-global-typography-secondary-font-weight ); font-size: 1rem;\">En Tierra y Color, creemos que la artesan\u00eda debe celebrarse y estamos orgullosos de compartir la rica herencia de la artesan\u00eda mexicana con el mundo. Ya sea para un hogar, un restaurante o un negocio, nuestros productos ofrecen una conexi\u00f3n con la cultura, la sustentabilidad y el arte en cada detalle.<\/span><\/p>\t\t\t\t\t\t<\/div>\n\t\t\t\t<\/div>\n\t\t\t\t<\/div>\n\t\t\t\t<\/div>\n\t\t\t\t\t<\/div>\n\t\t\t\t<\/div>\n\t\t\t\t<\/div>","protected":false},"excerpt":{"rendered":"<p>About Tierra y Color We are dedicated to promoting the beauty and craftsmanship of Mexican artisanal products. Each item we offer is created by skilled artisans who infuse their expertise and passion into every piece. By using sustainable materials and traditional techniques, we ensure that our products not only meet high-quality standards but also honor [&hellip;]<\/p>","protected":false},"author":1,"featured_media":0,"parent":0,"menu_order":0,"comment_status":"closed","ping_status":"closed","template":"","meta":{"_uag_custom_page_level_css":"","footnotes":""},"class_list":["post-11","page","type-page","status-publish","hentry"],"uagb_featured_image_src":{"full":false,"thumbnail":false,"medium":false,"medium_large":false,"large":false,"1536x1536":false,"2048x2048":false,"trp-custom-language-flag":false},"uagb_author_info":{"display_name":"julioasor@hotmail.com","author_link":"https:\/\/contierraycolor.com\/es\/author\/julioasorhotmail-com\/"},"uagb_comment_info":0,"uagb_excerpt":"About Tierra y Color We are dedicated to promoting the beauty and craftsmanship of Mexican artisanal products. Each item we offer is created by skilled artisans who infuse their expertise and passion into every piece. By using sustainable materials and traditional techniques, we ensure that our products not only meet high-quality standards but also honor&hellip;","_links":{"self":[{"href":"https:\/\/contierraycolor.com\/es\/wp-json\/wp\/v2\/pages\/11"}],"collection":[{"href":"https:\/\/contierraycolor.com\/es\/wp-json\/wp\/v2\/pages"}],"about":[{"href":"https:\/\/contierraycolor.com\/es\/wp-json\/wp\/v2\/types\/page"}],"author":[{"embeddable":true,"href":"https:\/\/contierraycolor.com\/es\/wp-json\/wp\/v2\/users\/1"}],"replies":[{"embeddable":true,"href":"https:\/\/contierraycolor.com\/es\/wp-json\/wp\/v2\/comments?post=11"}],"version-history":[{"count":19,"href":"https:\/\/contierraycolor.com\/es\/wp-json\/wp\/v2\/pages\/11\/revisions"}],"predecessor-version":[{"id":870,"href":"https:\/\/contierraycolor.com\/es\/wp-json\/wp\/v2\/pages\/11\/revisions\/870"}],"wp:attachment":[{"href":"https:\/\/contierraycolor.com\/es\/wp-json\/wp\/v2\/media?parent=11"}],"curies":[{"name":"wp","href":"https:\/\/api.w.org\/{rel}","templated":true}]}}